{"id":276,"date":"2024-03-02T13:58:13","date_gmt":"2024-03-02T12:58:13","guid":{"rendered":"https:\/\/3bstock.com\/index.php\/product\/pastillas-de-freno-febi-bilstein-16192\/"},"modified":"2024-09-20T12:22:26","modified_gmt":"2024-09-20T10:22:26","slug":"pastillas-de-freno-febi-bilstein-16192","status":"publish","type":"product","link":"https:\/\/3bstock.com\/index.php\/product\/pastillas-de-freno-febi-bilstein-16192\/","title":{"rendered":"Pastillas de freno FEBI BILSTEIN 16192"},"content":{"rendered":"<ul>\n<li><strong>CITRO\u00cbN:<\/strong><\/li>\n<li>Saxo Hatchback (A\u00f1o 02.1996 &#8211; 04.2004)<\/li>\n<li><\/li>\n<li><strong>PEUGEOT:<\/strong><\/li>\n<li><span class=\"product-info-block__item-list__title\" data-accordion-toggle=\"\" data-toggle-model=\"\" data-article-id=\"1875523\" data-target=\"#model-88-77\" data-maker-id=\"88\" data-model-id=\"77\">PEUGEOT 106 I Hatchback (A\u00f1o 08.1991 &#8211; 04.1996)<\/span><\/li>\n<li><span class=\"product-info-block__item-list__title\" data-accordion-toggle=\"\" data-toggle-model=\"\" data-article-id=\"1875523\" data-target=\"#model-88-196\" data-maker-id=\"88\" data-model-id=\"196\">PEUGEOT 205 I Hatchback (A\u00f1o 02.1983 &#8211; 10.1987)<\/span><\/li>\n<li><span class=\"product-info-block__item-list__title\" data-accordion-toggle=\"\" data-toggle-model=\"\" data-article-id=\"1875523\" data-target=\"#model-88-200\" data-maker-id=\"88\" data-model-id=\"200\">PEUGEOT 205 Cabrio (A\u00f1o 04.1986 &#8211; 11.1995)<\/span><\/li>\n<li><span class=\"product-info-block__item-list__title\" data-accordion-toggle=\"\" data-toggle-model=\"\" data-article-id=\"1875523\" data-target=\"#model-88-205\" data-maker-id=\"88\" data-model-id=\"205\">PEUGEOT 205 II Hatchback (A\u00f1o 01.1987 &#8211; 12.2000)<\/span><\/li>\n<li><span class=\"product-info-block__item-list__title\" data-accordion-toggle=\"\" data-toggle-model=\"\" data-article-id=\"1875523\" data-target=\"#model-88-277\" data-maker-id=\"88\" data-model-id=\"277\">PEUGEOT 309 I Hatchback (A\u00f1o 10.1985 &#8211; 12.1989)<\/span><\/li>\n<li><span class=\"product-info-block__item-list__title\" data-accordion-toggle=\"\" data-toggle-model=\"\" data-article-id=\"1875523\" data-target=\"#model-88-387\" data-maker-id=\"88\" data-model-id=\"387\">PEUGEOT 405 I Familiar (15E) (A\u00f1o 06.1987 &#8211; 08.1992)<\/span><\/li>\n<li><span class=\"product-info-block__item-list__title\" data-accordion-toggle=\"\" data-toggle-model=\"\" data-article-id=\"1875523\" data-target=\"#model-88-392\" data-maker-id=\"88\" data-model-id=\"392\">PEUGEOT 405 II Familiar (4E) (A\u00f1o 08.1992 &#8211; 10.1998)<\/span><\/li>\n<li><span class=\"product-info-block__item-list__title\" data-accordion-toggle=\"\" data-toggle-model=\"\" data-article-id=\"1875523\" data-target=\"#model-88-396\" data-maker-id=\"88\" data-model-id=\"396\">PEUGEOT 405 I Berlina (15B) (A\u00f1o 01.1987 &#8211; 12.1993)<\/span><\/li>\n<li><span class=\"product-info-block__item-list__title\" data-accordion-toggle=\"\" data-toggle-model=\"\" data-article-id=\"1875523\" data-target=\"#model-88-400\" data-maker-id=\"88\" data-model-id=\"400\">PEUGEOT 405 II Berlina (4B) (A\u00f1o 01.1992 &#8211; 11.1999)<\/span><\/li>\n<li><span class=\"product-info-block__item-list__title\" data-accordion-toggle=\"\" data-toggle-model=\"\" data-article-id=\"1875523\" data-target=\"#model-88-1559\" data-maker-id=\"88\" data-model-id=\"1559\">PEUGEOT 106 II Hatchback (1A, 1C) (A\u00f1o 04.1996 &#8211; 05.2005)<\/span><\/li>\n<li><span class=\"product-info-block__item-list__title\" data-accordion-toggle=\"\" data-toggle-model=\"\" data-article-id=\"1875523\" data-target=\"#model-88-3452\" data-maker-id=\"88\" data-model-id=\"3452\">PEUGEOT 309 II Hatchback (A\u00f1o 07.1989 &#8211; 12.1993)<\/span><\/li>\n<li><span class=\"product-info-block__item-list__title\" data-accordion-toggle=\"\" data-toggle-model=\"\" data-article-id=\"1875523\" data-target=\"#model-88-4634\" data-maker-id=\"88\" data-model-id=\"4634\">PEUGEOT 205 F Furgoneta (A\u00f1o 03.1994 &#8211; 05.1997)<\/span><\/li>\n<li><span class=\"product-info-block__item-list__title\" data-accordion-toggle=\"\" data-toggle-model=\"\" data-article-id=\"1875523\" data-target=\"#model-88-7625\" data-maker-id=\"88\" data-model-id=\"7625\">PEUGEOT 205 XA\/XAD Furgoneta (A\u00f1o 02.1983 &#8211; 07.1990)<\/span><\/li>\n<li><span class=\"product-info-block__item-list__title\" data-accordion-toggle=\"\" data-toggle-model=\"\" data-article-id=\"1875523\" data-target=\"#model-88-9967\" data-maker-id=\"88\" data-model-id=\"9967\">PEUGEOT 106 II Furgoneta \/ Hatchback (1S) (A\u00f1o 08.1991 &#8211; 03.2001)<\/span><\/li>\n<li><\/li>\n<li><strong>RENAULT:<\/strong><\/li>\n<li><span class=\"product-info-block__item-list__title\" data-accordion-toggle=\"\" data-toggle-model=\"\" data-article-id=\"1875523\" data-target=\"#model-93-17\" data-maker-id=\"93\" data-model-id=\"17\">RENAULT Rapid Furgoneta (F40, G40) (A\u00f1o 07.1985 &#8211; 11.2001)<\/span><\/li>\n<li><span class=\"product-info-block__item-list__title\" data-accordion-toggle=\"\" data-toggle-model=\"\" data-article-id=\"1875523\" data-target=\"#model-93-21\" data-maker-id=\"93\" data-model-id=\"21\">RENAULT Clio I Hatchback (A\u00f1o 05.1990 &#8211; 09.1998)<\/span><\/li>\n<li><span class=\"product-info-block__item-list__title\" data-accordion-toggle=\"\" data-toggle-model=\"\" data-article-id=\"1875523\" data-target=\"#model-93-466\" data-maker-id=\"93\" data-model-id=\"466\">RENAULT 11 Hatchback (A\u00f1o 03.1983 &#8211; 09.1995)<\/span><\/li>\n<li><span class=\"product-info-block__item-list__title\" data-accordion-toggle=\"\" data-toggle-model=\"\" data-article-id=\"1875523\" data-target=\"#model-93-489\" data-maker-id=\"93\" data-model-id=\"489\">RENAULT 18 Berlina (A\u00f1o 04.1978 &#8211; 11.1994)<\/span><\/li>\n<li><span class=\"product-info-block__item-list__title\" data-accordion-toggle=\"\" data-toggle-model=\"\" data-article-id=\"1875523\" data-target=\"#model-93-494\" data-maker-id=\"93\" data-model-id=\"494\">RENAULT 18 Familiar (A\u00f1o 02.1979 &#8211; 11.1994)<\/span><\/li>\n<li><span class=\"product-info-block__item-list__title\" data-accordion-toggle=\"\" data-toggle-model=\"\" data-article-id=\"1875523\" data-target=\"#model-93-501\" data-maker-id=\"93\" data-model-id=\"501\">RENAULT 19 I Hatchback (A\u00f1o 01.1988 &#8211; 09.1994)<\/span><\/li>\n<li><span class=\"product-info-block__item-list__title\" data-accordion-toggle=\"\" data-toggle-model=\"\" data-article-id=\"1875523\" data-target=\"#model-93-506\" data-maker-id=\"93\" data-model-id=\"506\">RENAULT 19 I Chamade (A\u00f1o 01.1988 &#8211; 12.1992)<\/span><\/li>\n<li><span class=\"product-info-block__item-list__title\" data-accordion-toggle=\"\" data-toggle-model=\"\" data-article-id=\"1875523\" data-target=\"#model-93-511\" data-maker-id=\"93\" data-model-id=\"511\">RENAULT 19 II Hatchback (A\u00f1o 01.1991 &#8211; 06.2001)<\/span><\/li>\n<li><span class=\"product-info-block__item-list__title\" data-accordion-toggle=\"\" data-toggle-model=\"\" data-article-id=\"1875523\" data-target=\"#model-93-515\" data-maker-id=\"93\" data-model-id=\"515\">RENAULT 19 II Chamade (A\u00f1o 04.1992 &#8211; 08.2003)<\/span><\/li>\n<li><span class=\"product-info-block__item-list__title\" data-accordion-toggle=\"\" data-toggle-model=\"\" data-article-id=\"1875523\" data-target=\"#model-93-519\" data-maker-id=\"93\" data-model-id=\"519\">RENAULT 20 Hatchback (A\u00f1o 10.1975 &#8211; 12.1983)<\/span><\/li>\n<li><span class=\"product-info-block__item-list__title\" data-accordion-toggle=\"\" data-toggle-model=\"\" data-article-id=\"1875523\" data-target=\"#model-93-528\" data-maker-id=\"93\" data-model-id=\"528\">RENAULT 21 Berlina (A\u00f1o 03.1986 &#8211; 07.1997)<\/span><\/li>\n<li><span class=\"product-info-block__item-list__title\" data-accordion-toggle=\"\" data-toggle-model=\"\" data-article-id=\"1875523\" data-target=\"#model-93-533\" data-maker-id=\"93\" data-model-id=\"533\">RENAULT 21 Familiar (A\u00f1o 03.1986 &#8211; 07.1997)<\/span><\/li>\n<li><span class=\"product-info-block__item-list__title\" data-accordion-toggle=\"\" data-toggle-model=\"\" data-article-id=\"1875523\" data-target=\"#model-93-560\" data-maker-id=\"93\" data-model-id=\"560\">RENAULT Super 5 Hatchback (B40, c40) (A\u00f1o 10.1984 &#8211; 12.1996)<\/span><\/li>\n<li><span class=\"product-info-block__item-list__title\" data-accordion-toggle=\"\" data-toggle-model=\"\" data-article-id=\"1875523\" data-target=\"#model-93-565\" data-maker-id=\"93\" data-model-id=\"565\">RENAULT 9 Sed\u00e1n (L42) (A\u00f1o 09.1981 &#8211; 02.1997)<\/span><\/li>\n<li><span class=\"product-info-block__item-list__title\" data-accordion-toggle=\"\" data-toggle-model=\"\" data-article-id=\"1875523\" data-target=\"#model-93-4205\" data-maker-id=\"93\" data-model-id=\"4205\">RENAULT 11 Hatchback (A\u00f1o 03.1983 &#8211; 07.1989)<\/span><\/li>\n<li><span class=\"product-info-block__item-list__title\" data-accordion-toggle=\"\" data-toggle-model=\"\" data-article-id=\"1875523\" data-target=\"#model-93-4215\" data-maker-id=\"93\" data-model-id=\"4215\">RENAULT 19 II Furgoneta \/ Hatchback (A\u00f1o 03.1992 &#8211; 12.1995)<\/span><\/li>\n<li><span class=\"product-info-block__item-list__title\" data-accordion-toggle=\"\" data-toggle-model=\"\" data-article-id=\"1875523\" data-target=\"#model-93-10897\" data-maker-id=\"93\" data-model-id=\"10897\">RENAULT Express Pick-up (A\u00f1o 07.1995 &#8211; 10.1999)<\/span><\/li>\n<\/ul>\n<ul id=\"maker-88\" class=\"product-info-block__item-list\" data-accordion-content=\"\"><\/ul>\n","protected":false},"excerpt":{"rendered":"<p>CITRO\u00cbN: Saxo Hatchback (A\u00f1o 02.1996 &#8211; 04.2004) PEUGEOT: PEUGEOT 106 I Hatchback (A\u00f1o 08.1991 &#8211; 04.1996) PEUGEOT 205 I Hatchback (A\u00f1o 02.1983 &#8211; 10.1987) PEUGEOT 205 Cabrio (A\u00f1o 04.1986 &#8211; 11.1995) PEUGEOT 205 II Hatchback (A\u00f1o 01.1987 &#8211; 12.2000) PEUGEOT 309 I Hatchback (A\u00f1o 10.1985 &#8211; 12.1989) PEUGEOT 405 I Familiar (15E) (A\u00f1o 06.1987 &#8211; [&#8230;]\n","protected":false},"featured_media":280,"template":"","meta":[],"product_brand":[],"product_cat":[24],"product_tag":[18,38],"class_list":{"0":"post-276","1":"product","2":"type-product","3":"status-publish","4":"has-post-thumbnail","6":"product_cat-pastillas","7":"product_tag-frenos","8":"product_tag-pastillas","10":"first","11":"instock","12":"sale","13":"shipping-taxable","14":"purchasable","15":"product-type-simple"},"jetpack_sharing_enabled":true,"_links":{"self":[{"href":"https:\/\/3bstock.com\/index.php\/wp-json\/wp\/v2\/product\/276","targetHints":{"allow":["GET"]}}],"collection":[{"href":"https:\/\/3bstock.com\/index.php\/wp-json\/wp\/v2\/product"}],"about":[{"href":"https:\/\/3bstock.com\/index.php\/wp-json\/wp\/v2\/types\/product"}],"wp:featuredmedia":[{"embeddable":true,"href":"https:\/\/3bstock.com\/index.php\/wp-json\/wp\/v2\/media\/280"}],"wp:attachment":[{"href":"https:\/\/3bstock.com\/index.php\/wp-json\/wp\/v2\/media?parent=276"}],"wp:term":[{"taxonomy":"product_brand","embeddable":true,"href":"https:\/\/3bstock.com\/index.php\/wp-json\/wp\/v2\/product_brand?post=276"},{"taxonomy":"product_cat","embeddable":true,"href":"https:\/\/3bstock.com\/index.php\/wp-json\/wp\/v2\/product_cat?post=276"},{"taxonomy":"product_tag","embeddable":true,"href":"https:\/\/3bstock.com\/index.php\/wp-json\/wp\/v2\/product_tag?post=276"}],"curies":[{"name":"wp","href":"https:\/\/api.w.org\/{rel}","templated":true}]}}