{"id":27,"date":"2024-02-27T13:44:38","date_gmt":"2024-02-27T12:44:38","guid":{"rendered":"https:\/\/3bstock.com\/index.php\/product\/discos-de-freno-bosch-bd753\/"},"modified":"2024-02-28T17:13:36","modified_gmt":"2024-02-28T16:13:36","slug":"discos-de-freno-bosch-bd753","status":"publish","type":"product","link":"https:\/\/3bstock.com\/index.php\/product\/discos-de-freno-bosch-bd753\/","title":{"rendered":"Discos de freno Bosch BD753"},"content":{"rendered":"<p>Nuevo a estrenar.<\/p>\n<p style=\"text-align: left;\">&#8220;Bosch BD753 Discos de freno &#8211; Eje delantero &#8211; certificaci\u00f3n ECE-R90 &#8211; 1 juego de 2 discos<br \/>\n1 juego de 2 discos \/ Eje delantero \/ Dimensiones de un disco: di\u00e1metro 256.00 mm, grosor 22.0 mm \/ Tipo de disco Ventilado \/ Tratamiento de la superficie recubierto \/ Alto contenido en carb\u00f3n \/ N\u00famero de agujeros: 5 \/ certificaci\u00f3n ECE-R90. Los discos de freno de Bosch est\u00e1n sometidos a los altos est\u00e1ndares de Robert Bosch GmbH. La calidad de nuestros productos se comprueba regularmente en laboratorios<br \/>\nMateriales de alta calidad, ajustadas tolerancias de producci\u00f3n y ajuste preciso: para un confort de conducci\u00f3n duradero y mejorado con un frenado sin ruidos ni vibraciones. Garantiza una frenada eficaz en todo momento: la alta conductividad t\u00e9rmica de los discos de freno de Bosch permite mantener los discos a menor temperatura para una frenada constante de alto rendimiento. Recubrimientos innovador de los discos de freno: para una protecci\u00f3n contra la corrosi\u00f3n y una larga vida \u00fatil. Los discos de freno deben sustituirse por parejas. Cada vez que se sustituyan los discos de freno, se deben instalar tambi\u00e9n pastillas de freno nuevas.&#8221;<\/p>\n<p>Contiene: 1 paquete de 2 art\u00edculos<br \/>\nVentajas producto: Tratamiento anticorrosi\u00f3n<br \/>\nTipo: Ventilado<br \/>\nDi\u00e1metro: 256 mm<br \/>\nEspesor: 22 mm<br \/>\nCantidad: 2<br \/>\nPerfil: Liso<br \/>\nAltura: 36,7 mm<\/p>\n","protected":false},"excerpt":{"rendered":"<p>Nuevo a estrenar. &#8220;Bosch BD753 Discos de freno &#8211; Eje delantero &#8211; certificaci\u00f3n ECE-R90 &#8211; 1 juego de 2 discos 1 juego de 2 discos \/ Eje delantero \/ Dimensiones de un disco: di\u00e1metro 256.00 mm, grosor 22.0 mm \/ Tipo de disco Ventilado \/ Tratamiento de la superficie recubierto \/ Alto contenido en carb\u00f3n [&#8230;]\n","protected":false},"featured_media":45,"template":"","meta":[],"product_brand":[],"product_cat":[23],"product_tag":[19,18],"class_list":{"0":"post-27","1":"product","2":"type-product","3":"status-publish","4":"has-post-thumbnail","6":"product_cat-discos-de-freno","7":"product_tag-discos","8":"product_tag-frenos","10":"first","11":"instock","12":"sale","13":"shipping-taxable","14":"purchasable","15":"product-type-simple"},"jetpack_sharing_enabled":true,"_links":{"self":[{"href":"https:\/\/3bstock.com\/index.php\/wp-json\/wp\/v2\/product\/27","targetHints":{"allow":["GET"]}}],"collection":[{"href":"https:\/\/3bstock.com\/index.php\/wp-json\/wp\/v2\/product"}],"about":[{"href":"https:\/\/3bstock.com\/index.php\/wp-json\/wp\/v2\/types\/product"}],"wp:featuredmedia":[{"embeddable":true,"href":"https:\/\/3bstock.com\/index.php\/wp-json\/wp\/v2\/media\/45"}],"wp:attachment":[{"href":"https:\/\/3bstock.com\/index.php\/wp-json\/wp\/v2\/media?parent=27"}],"wp:term":[{"taxonomy":"product_brand","embeddable":true,"href":"https:\/\/3bstock.com\/index.php\/wp-json\/wp\/v2\/product_brand?post=27"},{"taxonomy":"product_cat","embeddable":true,"href":"https:\/\/3bstock.com\/index.php\/wp-json\/wp\/v2\/product_cat?post=27"},{"taxonomy":"product_tag","embeddable":true,"href":"https:\/\/3bstock.com\/index.php\/wp-json\/wp\/v2\/product_tag?post=27"}],"curies":[{"name":"wp","href":"https:\/\/api.w.org\/{rel}","templated":true}]}}