{"id":26,"date":"2024-02-27T13:29:40","date_gmt":"2024-02-27T12:29:40","guid":{"rendered":"https:\/\/3bstock.com\/index.php\/product\/discos-de-freno-ferodo-ddf1179\/"},"modified":"2024-02-28T17:01:19","modified_gmt":"2024-02-28T16:01:19","slug":"discos-de-freno-ferodo-ddf1179","status":"publish","type":"product","link":"https:\/\/3bstock.com\/index.php\/product\/discos-de-freno-ferodo-ddf1179\/","title":{"rendered":"Discos de freno FERODO DDF1179"},"content":{"rendered":"<p>Dos unidades, nuevo a estrenar.<\/p>\n<p>Di\u00e1metro [mm] 240<br \/>\nAltura [mm] 40,5<br \/>\nPeso [kg] 8,45<br \/>\nTipo de disco de frenos ventilado<br \/>\nEspesor de disco de frenos [mm] 20<br \/>\nEspesor m\u00ednimo [mm] 18,2<br \/>\nN\u00famero de orificios 4<br \/>\nDi\u00e1metro de centrado [mm] 59<br \/>\nPar apriete [Nm] 86<br \/>\ncorona de agujeros &#8211; \u00d8 [mm] 98<\/p>\n","protected":false},"excerpt":{"rendered":"<p>Dos unidades, nuevo a estrenar. Di\u00e1metro [mm] 240 Altura [mm] 40,5 Peso [kg] 8,45 Tipo de disco de frenos ventilado Espesor de disco de frenos [mm] 20 Espesor m\u00ednimo [mm] 18,2 N\u00famero de orificios 4 Di\u00e1metro de centrado [mm] 59 Par apriete [Nm] 86 corona de agujeros &#8211; \u00d8 [mm] 98<\/p>\n","protected":false},"featured_media":42,"template":"","meta":[],"product_brand":[],"product_cat":[23],"product_tag":[19,18],"class_list":{"0":"post-26","1":"product","2":"type-product","3":"status-publish","4":"has-post-thumbnail","6":"product_cat-discos-de-freno","7":"product_tag-discos","8":"product_tag-frenos","10":"first","11":"instock","12":"sale","13":"shipping-taxable","14":"purchasable","15":"product-type-simple"},"jetpack_sharing_enabled":true,"_links":{"self":[{"href":"https:\/\/3bstock.com\/index.php\/wp-json\/wp\/v2\/product\/26","targetHints":{"allow":["GET"]}}],"collection":[{"href":"https:\/\/3bstock.com\/index.php\/wp-json\/wp\/v2\/product"}],"about":[{"href":"https:\/\/3bstock.com\/index.php\/wp-json\/wp\/v2\/types\/product"}],"wp:featuredmedia":[{"embeddable":true,"href":"https:\/\/3bstock.com\/index.php\/wp-json\/wp\/v2\/media\/42"}],"wp:attachment":[{"href":"https:\/\/3bstock.com\/index.php\/wp-json\/wp\/v2\/media?parent=26"}],"wp:term":[{"taxonomy":"product_brand","embeddable":true,"href":"https:\/\/3bstock.com\/index.php\/wp-json\/wp\/v2\/product_brand?post=26"},{"taxonomy":"product_cat","embeddable":true,"href":"https:\/\/3bstock.com\/index.php\/wp-json\/wp\/v2\/product_cat?post=26"},{"taxonomy":"product_tag","embeddable":true,"href":"https:\/\/3bstock.com\/index.php\/wp-json\/wp\/v2\/product_tag?post=26"}],"curies":[{"name":"wp","href":"https:\/\/api.w.org\/{rel}","templated":true}]}}